{"id":555,"date":"2025-07-08T16:00:42","date_gmt":"2025-07-08T16:00:42","guid":{"rendered":"https:\/\/coopnaldeporte.com\/?page_id=555"},"modified":"2025-07-21T20:05:43","modified_gmt":"2025-07-21T20:05:43","slug":"solidaridad","status":"publish","type":"page","link":"https:\/\/coopnaldeporte.com\/?page_id=555","title":{"rendered":"Solidaridad"},"content":{"rendered":"\t\t<div data-elementor-type=\"wp-page\" data-elementor-id=\"555\" class=\"elementor elementor-555\" data-elementor-post-type=\"page\">\n\t\t\t\t\t\t<section class=\"elementor-section elementor-top-section elementor-element elementor-element-4fc9e8e2 elementor-section-boxed elementor-section-height-default elementor-section-height-default\" data-id=\"4fc9e8e2\" data-element_type=\"section\" data-settings=\"{&quot;shape_divider_bottom&quot;:&quot;tilt&quot;,&quot;background_background&quot;:&quot;classic&quot;}\">\n\t\t\t\t\t\t\t<div class=\"elementor-background-overlay\"><\/div>\n\t\t\t\t\t\t<div class=\"elementor-shape elementor-shape-bottom\" aria-hidden=\"true\" data-negative=\"false\">\n\t\t\t<svg xmlns=\"http:\/\/www.w3.org\/2000\/svg\" viewBox=\"0 0 1000 100\" preserveAspectRatio=\"none\">\n\t<path class=\"elementor-shape-fill\" d=\"M0,6V0h1000v100L0,6z\"\/>\n<\/svg>\t\t<\/div>\n\t\t\t\t\t<div class=\"elementor-container elementor-column-gap-default\">\n\t\t\t\t\t<div class=\"elementor-column elementor-col-100 elementor-top-column elementor-element elementor-element-13274b80\" data-id=\"13274b80\" data-element_type=\"column\">\n\t\t\t<div class=\"elementor-widget-wrap elementor-element-populated\">\n\t\t\t\t\t\t<div class=\"elementor-element elementor-element-3f1b110a elementor-widget__width-inherit elementor-widget-tablet__width-initial elementor-widget-mobile__width-inherit jkit-equal-height-disable elementor-widget elementor-widget-jkit_icon_box\" data-id=\"3f1b110a\" data-element_type=\"widget\" data-widget_type=\"jkit_icon_box.default\">\n\t\t\t\t<div class=\"elementor-widget-container\">\n\t\t\t\t\t<div  class=\"jeg-elementor-kit jkit-icon-box icon-position- elementor-animation- jeg_module___69e393db20263\" ><div class=\"jkit-icon-box-wrapper hover-from-left\"><div class=\"icon-box icon-box-header elementor-animation-\"><div class=\"icon style-color\"><img fetchpriority=\"high\" decoding=\"async\" width=\"576\" height=\"568\" src=\"https:\/\/coopnaldeporte.com\/wp-content\/uploads\/2025\/07\/web-coopmindeporte-09.png\" class=\"attachment-medium_large size-medium_large\" alt=\"\" url=\"https:\/\/coopnaldeporte.com\/wp-content\/uploads\/2025\/07\/web-coopmindeporte-09.png\" source=\"library\" srcset=\"https:\/\/coopnaldeporte.com\/wp-content\/uploads\/2025\/07\/web-coopmindeporte-09.png 576w, https:\/\/coopnaldeporte.com\/wp-content\/uploads\/2025\/07\/web-coopmindeporte-09-300x296.png 300w\" sizes=\"(max-width: 576px) 100vw, 576px\" \/><\/div><\/div><div class=\"icon-box icon-box-body\">\n                <p class=\"icon-box-description\">Estamos contigo cuando m\u00e1s lo necesitas.\nNuestra Cooperativa brinda apoyo solidario a sus asociados y familiares en situaciones de calamidad, reforzando el compromiso humano que nos une.\n<\/p>\n            <\/div>\n            \n            <\/div><\/div>\t\t\t\t<\/div>\n\t\t\t\t<\/div>\n\t\t<div class=\"elementor-element elementor-element-4ff1a6f e-flex e-con-boxed e-con e-parent\" data-id=\"4ff1a6f\" data-element_type=\"container\" data-settings=\"{&quot;background_background&quot;:&quot;classic&quot;}\">\n\t\t\t\t\t<div class=\"e-con-inner\">\n\t\t\t\t<div class=\"elementor-element elementor-element-fa5574b elementor-widget elementor-widget-text-editor\" data-id=\"fa5574b\" data-element_type=\"widget\" data-widget_type=\"text-editor.default\">\n\t\t\t\t<div class=\"elementor-widget-container\">\n\t\t\t\t\t\t\t\t\t<p>A trav\u00e9s del Fondo de Solidaridad Social, la Cooperativa ofrece una protecci\u00f3n adicional a sus asociados y sus familias en situaciones de calamidad. En estos momentos dif\u00edciles, nuestra filosof\u00eda es ser un respaldo solidario, brindando acompa\u00f1amiento y apoyo ante las necesidades que se generan.<\/p><p>El Fondo de Solidaridad de la Cooperativa auxiliar\u00e1 a los asociados en los siguientes casos:<\/p><p>a) En caso de fallecimiento del c\u00f3nyuge o compa\u00f1ero (a) permanente del asociado, se reconocer\u00e1 de uno (1) a dos (2) salarios m\u00ednimos legales mensuales vigentes.<\/p><p>b) En caso de fallecimiento de un hijo del asociado se reconocer\u00e1 hasta una suma equivalente a dos (2) salarios m\u00ednimos legales mensuales vigentes y para familiares hasta el primer grado de consanguinidad.<\/p><p>c) En caso de gastos por concepto de cirug\u00eda, hospitalizaci\u00f3n y suministro de drogas para el asociado, se reconocer\u00e1 un auxilio por una suma equivalente hasta dos (2) salarios m\u00ednimos legales vigentes, siempre y cuando el sistema de seguridad social al cual se encuentre afiliado no cubra estos riesgos.<\/p><p>Estos auxilios se cancelar\u00e1n por una vez al a\u00f1o, por uno de los tres conceptos mencionados. Se excluyen los tratamientos m\u00e9dicos, odontol\u00f3gicos y de cirug\u00eda est\u00e9tica.<\/p><p>Requisitos:<\/p><p><span style=\"font-size: 16px;\">Ser asociado h\u00e1bil.<\/span><\/p><ul><li>Estar al d\u00eda en todas las obligaciones con la cooperativa.<\/li><li>Tener como m\u00ednimo antig\u00fcedad de doce (12) meses como asociado, contados a partir de la fecha de afiliaci\u00f3n.<\/li><li>Presentar la reclamaci\u00f3n o solicitud dentro de los sesenta (60) d\u00edas calendario siguiente a la fecha de ocurrencia del hecho que motivo la calamidad.<\/li><li>Elevar la solicitud por escrito ante la Cooperativa.<\/li><li>El asociado no puede variar el destino del auxilio so pena del reintegro del dinero y de las sanciones que la Junta de Vigilancia o el Consejo de Administraci\u00f3n apliquen.<\/li><\/ul>\t\t\t\t\t\t\t\t<\/div>\n\t\t\t\t<\/div>\n\t\t\t\t\t<\/div>\n\t\t\t\t<\/div>\n\t\t\t\t\t<\/div>\n\t\t<\/div>\n\t\t\t\t\t<\/div>\n\t\t<\/section>\n\t\t\t\t<\/div>\n\t\t","protected":false},"excerpt":{"rendered":"<p>Estamos contigo cuando m\u00e1s lo necesitas. Nuestra Cooperativa brinda apoyo solidario a sus asociados y familiares en situaciones de calamidad, [&hellip;]<\/p>\n","protected":false},"author":1,"featured_media":0,"parent":0,"menu_order":0,"comment_status":"closed","ping_status":"closed","template":"","meta":{"site-sidebar-layout":"no-sidebar","site-content-layout":"","ast-site-content-layout":"full-width-container","site-content-style":"default","site-sidebar-style":"default","ast-global-header-display":"","ast-banner-title-visibility":"","ast-main-header-display":"","ast-hfb-above-header-display":"","ast-hfb-below-header-display":"","ast-hfb-mobile-header-display":"","site-post-title":"disabled","ast-breadcrumbs-content":"","ast-featured-img":"disabled","footer-sml-layout":"","theme-transparent-header-meta":"","adv-header-id-meta":"","stick-header-meta":"","header-above-stick-meta":"","header-main-stick-meta":"","header-below-stick-meta":"","astra-migrate-meta-layouts":"default","ast-page-background-enabled":"default","ast-page-background-meta":{"desktop":{"background-color":"var(--ast-global-color-5)","background-image":"","background-repeat":"repeat","background-position":"center center","background-size":"auto","background-attachment":"scroll","background-type":"","background-media":"","overlay-type":"","overlay-color":"","overlay-opacity":"","overlay-gradient":""},"tablet":{"background-color":"","background-image":"","background-repeat":"repeat","background-position":"center center","background-size":"auto","background-attachment":"scroll","background-type":"","background-media":"","overlay-type":"","overlay-color":"","overlay-opacity":"","overlay-gradient":""},"mobile":{"background-color":"","background-image":"","background-repeat":"repeat","background-position":"center center","background-size":"auto","background-attachment":"scroll","background-type":"","background-media":"","overlay-type":"","overlay-color":"","overlay-opacity":"","overlay-gradient":""}},"ast-content-background-meta":{"desktop":{"background-color":"var(--ast-global-color-4)","background-image":"","background-repeat":"repeat","background-position":"center center","background-size":"auto","background-attachment":"scroll","background-type":"","background-media":"","overlay-type":"","overlay-color":"","overlay-opacity":"","overlay-gradient":""},"tablet":{"background-color":"var(--ast-global-color-4)","background-image":"","background-repeat":"repeat","background-position":"center center","background-size":"auto","background-attachment":"scroll","background-type":"","background-media":"","overlay-type":"","overlay-color":"","overlay-opacity":"","overlay-gradient":""},"mobile":{"background-color":"var(--ast-global-color-4)","background-image":"","background-repeat":"repeat","background-position":"center center","background-size":"auto","background-attachment":"scroll","background-type":"","background-media":"","overlay-type":"","overlay-color":"","overlay-opacity":"","overlay-gradient":""}},"_joinchat":[],"footnotes":""},"class_list":["post-555","page","type-page","status-publish","hentry"],"yoast_head":"<!-- This site is optimized with the Yoast SEO plugin v25.4 - https:\/\/yoast.com\/wordpress\/plugins\/seo\/ -->\n<title>Solidaridad - coopnaldeporte.com<\/title>\n<meta name=\"robots\" content=\"index, follow, max-snippet:-1, max-image-preview:large, max-video-preview:-1\" \/>\n<link rel=\"canonical\" href=\"https:\/\/coopnaldeporte.com\/?page_id=555\" \/>\n<meta property=\"og:locale\" content=\"es_ES\" \/>\n<meta property=\"og:type\" content=\"article\" \/>\n<meta property=\"og:title\" content=\"Solidaridad - coopnaldeporte.com\" \/>\n<meta property=\"og:description\" content=\"Estamos contigo cuando m\u00e1s lo necesitas. Nuestra Cooperativa brinda apoyo solidario a sus asociados y familiares en situaciones de calamidad, [&hellip;]\" \/>\n<meta property=\"og:url\" content=\"https:\/\/coopnaldeporte.com\/?page_id=555\" \/>\n<meta property=\"og:site_name\" content=\"coopnaldeporte.com\" \/>\n<meta property=\"article:modified_time\" content=\"2025-07-21T20:05:43+00:00\" \/>\n<meta property=\"og:image\" content=\"https:\/\/coopnaldeporte.com\/wp-content\/uploads\/2025\/07\/web-coopmindeporte-09.png\" \/>\n<meta name=\"twitter:card\" content=\"summary_large_image\" \/>\n<meta name=\"twitter:label1\" content=\"Tiempo de lectura\" \/>\n\t<meta name=\"twitter:data1\" content=\"2 minutos\" \/>\n<script type=\"application\/ld+json\" class=\"yoast-schema-graph\">{\"@context\":\"https:\/\/schema.org\",\"@graph\":[{\"@type\":\"WebPage\",\"@id\":\"https:\/\/coopnaldeporte.com\/?page_id=555\",\"url\":\"https:\/\/coopnaldeporte.com\/?page_id=555\",\"name\":\"Solidaridad - coopnaldeporte.com\",\"isPartOf\":{\"@id\":\"https:\/\/coopnaldeporte.com\/#website\"},\"primaryImageOfPage\":{\"@id\":\"https:\/\/coopnaldeporte.com\/?page_id=555#primaryimage\"},\"image\":{\"@id\":\"https:\/\/coopnaldeporte.com\/?page_id=555#primaryimage\"},\"thumbnailUrl\":\"https:\/\/coopnaldeporte.com\/wp-content\/uploads\/2025\/07\/web-coopmindeporte-09.png\",\"datePublished\":\"2025-07-08T16:00:42+00:00\",\"dateModified\":\"2025-07-21T20:05:43+00:00\",\"breadcrumb\":{\"@id\":\"https:\/\/coopnaldeporte.com\/?page_id=555#breadcrumb\"},\"inLanguage\":\"es\",\"potentialAction\":[{\"@type\":\"ReadAction\",\"target\":[\"https:\/\/coopnaldeporte.com\/?page_id=555\"]}]},{\"@type\":\"ImageObject\",\"inLanguage\":\"es\",\"@id\":\"https:\/\/coopnaldeporte.com\/?page_id=555#primaryimage\",\"url\":\"https:\/\/coopnaldeporte.com\/wp-content\/uploads\/2025\/07\/web-coopmindeporte-09.png\",\"contentUrl\":\"https:\/\/coopnaldeporte.com\/wp-content\/uploads\/2025\/07\/web-coopmindeporte-09.png\",\"width\":576,\"height\":568},{\"@type\":\"BreadcrumbList\",\"@id\":\"https:\/\/coopnaldeporte.com\/?page_id=555#breadcrumb\",\"itemListElement\":[{\"@type\":\"ListItem\",\"position\":1,\"name\":\"Portada\",\"item\":\"https:\/\/coopnaldeporte.com\/\"},{\"@type\":\"ListItem\",\"position\":2,\"name\":\"Solidaridad\"}]},{\"@type\":\"WebSite\",\"@id\":\"https:\/\/coopnaldeporte.com\/#website\",\"url\":\"https:\/\/coopnaldeporte.com\/\",\"name\":\"coopnaldeporte.com\",\"description\":\"\",\"potentialAction\":[{\"@type\":\"SearchAction\",\"target\":{\"@type\":\"EntryPoint\",\"urlTemplate\":\"https:\/\/coopnaldeporte.com\/?s={search_term_string}\"},\"query-input\":{\"@type\":\"PropertyValueSpecification\",\"valueRequired\":true,\"valueName\":\"search_term_string\"}}],\"inLanguage\":\"es\"}]}<\/script>\n<!-- \/ Yoast SEO plugin. -->","yoast_head_json":{"title":"Solidaridad - coopnaldeporte.com","robots":{"index":"index","follow":"follow","max-snippet":"max-snippet:-1","max-image-preview":"max-image-preview:large","max-video-preview":"max-video-preview:-1"},"canonical":"https:\/\/coopnaldeporte.com\/?page_id=555","og_locale":"es_ES","og_type":"article","og_title":"Solidaridad - coopnaldeporte.com","og_description":"Estamos contigo cuando m\u00e1s lo necesitas. Nuestra Cooperativa brinda apoyo solidario a sus asociados y familiares en situaciones de calamidad, [&hellip;]","og_url":"https:\/\/coopnaldeporte.com\/?page_id=555","og_site_name":"coopnaldeporte.com","article_modified_time":"2025-07-21T20:05:43+00:00","og_image":[{"url":"https:\/\/coopnaldeporte.com\/wp-content\/uploads\/2025\/07\/web-coopmindeporte-09.png","type":"","width":"","height":""}],"twitter_card":"summary_large_image","twitter_misc":{"Tiempo de lectura":"2 minutos"},"schema":{"@context":"https:\/\/schema.org","@graph":[{"@type":"WebPage","@id":"https:\/\/coopnaldeporte.com\/?page_id=555","url":"https:\/\/coopnaldeporte.com\/?page_id=555","name":"Solidaridad - coopnaldeporte.com","isPartOf":{"@id":"https:\/\/coopnaldeporte.com\/#website"},"primaryImageOfPage":{"@id":"https:\/\/coopnaldeporte.com\/?page_id=555#primaryimage"},"image":{"@id":"https:\/\/coopnaldeporte.com\/?page_id=555#primaryimage"},"thumbnailUrl":"https:\/\/coopnaldeporte.com\/wp-content\/uploads\/2025\/07\/web-coopmindeporte-09.png","datePublished":"2025-07-08T16:00:42+00:00","dateModified":"2025-07-21T20:05:43+00:00","breadcrumb":{"@id":"https:\/\/coopnaldeporte.com\/?page_id=555#breadcrumb"},"inLanguage":"es","potentialAction":[{"@type":"ReadAction","target":["https:\/\/coopnaldeporte.com\/?page_id=555"]}]},{"@type":"ImageObject","inLanguage":"es","@id":"https:\/\/coopnaldeporte.com\/?page_id=555#primaryimage","url":"https:\/\/coopnaldeporte.com\/wp-content\/uploads\/2025\/07\/web-coopmindeporte-09.png","contentUrl":"https:\/\/coopnaldeporte.com\/wp-content\/uploads\/2025\/07\/web-coopmindeporte-09.png","width":576,"height":568},{"@type":"BreadcrumbList","@id":"https:\/\/coopnaldeporte.com\/?page_id=555#breadcrumb","itemListElement":[{"@type":"ListItem","position":1,"name":"Portada","item":"https:\/\/coopnaldeporte.com\/"},{"@type":"ListItem","position":2,"name":"Solidaridad"}]},{"@type":"WebSite","@id":"https:\/\/coopnaldeporte.com\/#website","url":"https:\/\/coopnaldeporte.com\/","name":"coopnaldeporte.com","description":"","potentialAction":[{"@type":"SearchAction","target":{"@type":"EntryPoint","urlTemplate":"https:\/\/coopnaldeporte.com\/?s={search_term_string}"},"query-input":{"@type":"PropertyValueSpecification","valueRequired":true,"valueName":"search_term_string"}}],"inLanguage":"es"}]}},"_links":{"self":[{"href":"https:\/\/coopnaldeporte.com\/index.php?rest_route=\/wp\/v2\/pages\/555","targetHints":{"allow":["GET"]}}],"collection":[{"href":"https:\/\/coopnaldeporte.com\/index.php?rest_route=\/wp\/v2\/pages"}],"about":[{"href":"https:\/\/coopnaldeporte.com\/index.php?rest_route=\/wp\/v2\/types\/page"}],"author":[{"embeddable":true,"href":"https:\/\/coopnaldeporte.com\/index.php?rest_route=\/wp\/v2\/users\/1"}],"replies":[{"embeddable":true,"href":"https:\/\/coopnaldeporte.com\/index.php?rest_route=%2Fwp%2Fv2%2Fcomments&post=555"}],"version-history":[{"count":18,"href":"https:\/\/coopnaldeporte.com\/index.php?rest_route=\/wp\/v2\/pages\/555\/revisions"}],"predecessor-version":[{"id":927,"href":"https:\/\/coopnaldeporte.com\/index.php?rest_route=\/wp\/v2\/pages\/555\/revisions\/927"}],"wp:attachment":[{"href":"https:\/\/coopnaldeporte.com\/index.php?rest_route=%2Fwp%2Fv2%2Fmedia&parent=555"}],"curies":[{"name":"wp","href":"https:\/\/api.w.org\/{rel}","templated":true}]}}