{"id":539,"date":"2025-07-08T15:49:34","date_gmt":"2025-07-08T15:49:34","guid":{"rendered":"https:\/\/coopnaldeporte.com\/?page_id=539"},"modified":"2025-07-21T19:37:45","modified_gmt":"2025-07-21T19:37:45","slug":"beneficios-y-servicios","status":"publish","type":"page","link":"https:\/\/coopnaldeporte.com\/?page_id=539","title":{"rendered":"Beneficios y servicios"},"content":{"rendered":"\t\t<div data-elementor-type=\"wp-page\" data-elementor-id=\"539\" class=\"elementor elementor-539\" data-elementor-post-type=\"page\">\n\t\t\t\t\t\t<section class=\"elementor-section elementor-top-section elementor-element elementor-element-866f34d elementor-section-boxed elementor-section-height-default elementor-section-height-default\" data-id=\"866f34d\" data-element_type=\"section\" data-settings=\"{&quot;shape_divider_bottom&quot;:&quot;tilt&quot;,&quot;background_background&quot;:&quot;classic&quot;}\">\n\t\t\t\t\t\t\t<div class=\"elementor-background-overlay\"><\/div>\n\t\t\t\t\t\t<div class=\"elementor-shape elementor-shape-bottom\" aria-hidden=\"true\" data-negative=\"false\">\n\t\t\t<svg xmlns=\"http:\/\/www.w3.org\/2000\/svg\" viewBox=\"0 0 1000 100\" preserveAspectRatio=\"none\">\n\t<path class=\"elementor-shape-fill\" d=\"M0,6V0h1000v100L0,6z\"\/>\n<\/svg>\t\t<\/div>\n\t\t\t\t\t<div class=\"elementor-container elementor-column-gap-default\">\n\t\t\t\t\t<div class=\"elementor-column elementor-col-100 elementor-top-column elementor-element elementor-element-7e5e49f8\" data-id=\"7e5e49f8\" data-element_type=\"column\">\n\t\t\t<div class=\"elementor-widget-wrap elementor-element-populated\">\n\t\t\t\t\t\t<div class=\"elementor-element elementor-element-6ff398d elementor-widget elementor-widget-heading\" data-id=\"6ff398d\" data-element_type=\"widget\" data-widget_type=\"heading.default\">\n\t\t\t\t<div class=\"elementor-widget-container\">\n\t\t\t\t\t<h2 class=\"elementor-heading-title elementor-size-default\">Beneficios Y Servicios<\/h2>\t\t\t\t<\/div>\n\t\t\t\t<\/div>\n\t\t\t\t<div class=\"elementor-element elementor-element-a8c8354 elementor-widget elementor-widget-text-editor\" data-id=\"a8c8354\" data-element_type=\"widget\" data-widget_type=\"text-editor.default\">\n\t\t\t\t<div class=\"elementor-widget-container\">\n\t\t\t\t\t\t\t\t\t<p>CONVENIOS<\/p>\t\t\t\t\t\t\t\t<\/div>\n\t\t\t\t<\/div>\n\t\t\t\t<div class=\"elementor-element elementor-element-120e645 elementor-arrows-position-inside elementor-pagination-position-outside elementor-widget elementor-widget-image-carousel\" data-id=\"120e645\" data-element_type=\"widget\" data-settings=\"{&quot;slides_to_show&quot;:&quot;1&quot;,&quot;navigation&quot;:&quot;both&quot;,&quot;autoplay&quot;:&quot;yes&quot;,&quot;pause_on_hover&quot;:&quot;yes&quot;,&quot;pause_on_interaction&quot;:&quot;yes&quot;,&quot;autoplay_speed&quot;:5000,&quot;infinite&quot;:&quot;yes&quot;,&quot;effect&quot;:&quot;slide&quot;,&quot;speed&quot;:500}\" data-widget_type=\"image-carousel.default\">\n\t\t\t\t<div class=\"elementor-widget-container\">\n\t\t\t\t\t\t\t<div class=\"elementor-image-carousel-wrapper swiper\" role=\"region\" aria-roledescription=\"carousel\" aria-label=\"Carrusel de im\u00e1genes\" dir=\"ltr\">\n\t\t\t<div class=\"elementor-image-carousel swiper-wrapper\" aria-live=\"off\">\n\t\t\t\t\t\t\t\t<div class=\"swiper-slide\" role=\"group\" aria-roledescription=\"slide\" aria-label=\"1 de 10\"><figure class=\"swiper-slide-inner\"><img decoding=\"async\" class=\"swiper-slide-image\" src=\"https:\/\/coopnaldeporte.com\/wp-content\/uploads\/2025\/07\/53f87a37-47f2-4c84-b25d-ab57822f6627-768x768.jpeg\" alt=\"53f87a37-47f2-4c84-b25d-ab57822f6627\" \/><\/figure><\/div><div class=\"swiper-slide\" role=\"group\" aria-roledescription=\"slide\" aria-label=\"2 de 10\"><figure class=\"swiper-slide-inner\"><img decoding=\"async\" class=\"swiper-slide-image\" src=\"https:\/\/coopnaldeporte.com\/wp-content\/uploads\/2025\/07\/04226592-1bf2-4348-a2ea-573e922f30d9-768x1086.jpeg\" alt=\"04226592-1bf2-4348-a2ea-573e922f30d9\" \/><\/figure><\/div><div class=\"swiper-slide\" role=\"group\" aria-roledescription=\"slide\" aria-label=\"3 de 10\"><figure class=\"swiper-slide-inner\"><img decoding=\"async\" class=\"swiper-slide-image\" src=\"https:\/\/coopnaldeporte.com\/wp-content\/uploads\/2025\/07\/IMAC-768x1370.jpg\" alt=\"IMAC\" \/><\/figure><\/div><div class=\"swiper-slide\" role=\"group\" aria-roledescription=\"slide\" aria-label=\"4 de 10\"><figure class=\"swiper-slide-inner\"><img decoding=\"async\" class=\"swiper-slide-image\" src=\"https:\/\/coopnaldeporte.com\/wp-content\/uploads\/2025\/07\/WhatsApp-Image-2025-07-21-at-12.06.02-PM.jpeg\" alt=\"WhatsApp Image 2025-07-21 at 12.06.02 PM\" \/><\/figure><\/div><div class=\"swiper-slide\" role=\"group\" aria-roledescription=\"slide\" aria-label=\"5 de 10\"><figure class=\"swiper-slide-inner\"><img decoding=\"async\" class=\"swiper-slide-image\" src=\"https:\/\/coopnaldeporte.com\/wp-content\/uploads\/2025\/07\/WhatsApp-Image-2025-07-21-at-12.05.47-PM-768x1365.jpeg\" alt=\"WhatsApp Image 2025-07-21 at 12.05.47 PM\" \/><\/figure><\/div><div class=\"swiper-slide\" role=\"group\" aria-roledescription=\"slide\" aria-label=\"6 de 10\"><figure class=\"swiper-slide-inner\"><img decoding=\"async\" class=\"swiper-slide-image\" src=\"https:\/\/coopnaldeporte.com\/wp-content\/uploads\/2025\/07\/WhatsApp-Image-2025-07-14-at-5.23.44-PM-768x768.jpeg\" alt=\"WhatsApp Image 2025-07-14 at 5.23.44 PM\" \/><\/figure><\/div><div class=\"swiper-slide\" role=\"group\" aria-roledescription=\"slide\" aria-label=\"7 de 10\"><figure class=\"swiper-slide-inner\"><img decoding=\"async\" class=\"swiper-slide-image\" src=\"https:\/\/coopnaldeporte.com\/wp-content\/uploads\/2025\/07\/WhatsApp-Image-2025-07-15-at-12.52.37-PM.jpeg\" alt=\"WhatsApp Image 2025-07-15 at 12.52.37 PM\" \/><\/figure><\/div><div class=\"swiper-slide\" role=\"group\" aria-roledescription=\"slide\" aria-label=\"8 de 10\"><figure class=\"swiper-slide-inner\"><img decoding=\"async\" class=\"swiper-slide-image\" src=\"https:\/\/coopnaldeporte.com\/wp-content\/uploads\/2025\/07\/WhatsApp-Image-2025-07-14-at-11.02.53-AM-768x768.jpeg\" alt=\"WhatsApp Image 2025-07-14 at 11.02.53 AM\" \/><\/figure><\/div><div class=\"swiper-slide\" role=\"group\" aria-roledescription=\"slide\" aria-label=\"9 de 10\"><figure class=\"swiper-slide-inner\"><img decoding=\"async\" class=\"swiper-slide-image\" src=\"https:\/\/coopnaldeporte.com\/wp-content\/uploads\/2025\/07\/WhatsApp-Image-2025-07-14-at-11.04.11-AM-768x907.jpeg\" alt=\"WhatsApp Image 2025-07-14 at 11.04.11 AM\" \/><\/figure><\/div><div class=\"swiper-slide\" role=\"group\" aria-roledescription=\"slide\" aria-label=\"10 de 10\"><figure class=\"swiper-slide-inner\"><img decoding=\"async\" class=\"swiper-slide-image\" src=\"https:\/\/coopnaldeporte.com\/wp-content\/uploads\/2025\/07\/WhatsApp-Image-2025-07-14-at-11.04.59-AM.jpeg\" alt=\"WhatsApp Image 2025-07-14 at 11.04.59 AM\" \/><\/figure><\/div>\t\t\t<\/div>\n\t\t\t\t\t\t\t\t\t\t\t\t<div class=\"elementor-swiper-button elementor-swiper-button-prev\" role=\"button\" tabindex=\"0\">\n\t\t\t\t\t\t<svg aria-hidden=\"true\" class=\"e-font-icon-svg e-eicon-chevron-left\" viewBox=\"0 0 1000 1000\" xmlns=\"http:\/\/www.w3.org\/2000\/svg\"><path d=\"M646 125C629 125 613 133 604 142L308 442C296 454 292 471 292 487 292 504 296 521 308 533L604 854C617 867 629 875 646 875 663 875 679 871 692 858 704 846 713 829 713 812 713 796 708 779 692 767L438 487 692 225C700 217 708 204 708 187 708 171 704 154 692 142 675 129 663 125 646 125Z\"><\/path><\/svg>\t\t\t\t\t<\/div>\n\t\t\t\t\t<div class=\"elementor-swiper-button elementor-swiper-button-next\" role=\"button\" tabindex=\"0\">\n\t\t\t\t\t\t<svg aria-hidden=\"true\" class=\"e-font-icon-svg e-eicon-chevron-right\" viewBox=\"0 0 1000 1000\" xmlns=\"http:\/\/www.w3.org\/2000\/svg\"><path d=\"M696 533C708 521 713 504 713 487 713 471 708 454 696 446L400 146C388 133 375 125 354 125 338 125 325 129 313 142 300 154 292 171 292 187 292 204 296 221 308 233L563 492 304 771C292 783 288 800 288 817 288 833 296 850 308 863 321 871 338 875 354 875 371 875 388 867 400 854L696 533Z\"><\/path><\/svg>\t\t\t\t\t<\/div>\n\t\t\t\t\n\t\t\t\t\t\t\t\t\t<div class=\"swiper-pagination\"><\/div>\n\t\t\t\t\t\t\t\t\t<\/div>\n\t\t\t\t\t\t<\/div>\n\t\t\t\t<\/div>\n\t\t\t\t\t<\/div>\n\t\t<\/div>\n\t\t\t\t\t<\/div>\n\t\t<\/section>\n\t\t\t\t<section class=\"elementor-section elementor-top-section elementor-element elementor-element-480c5155 elementor-reverse-tablet elementor-reverse-mobile elementor-section-boxed elementor-section-height-default elementor-section-height-default\" data-id=\"480c5155\" data-element_type=\"section\" data-settings=\"{&quot;shape_divider_bottom&quot;:&quot;tilt&quot;,&quot;background_background&quot;:&quot;classic&quot;}\">\n\t\t\t\t\t\t\t<div class=\"elementor-background-overlay\"><\/div>\n\t\t\t\t\t\t<div class=\"elementor-shape elementor-shape-bottom\" aria-hidden=\"true\" data-negative=\"false\">\n\t\t\t<svg xmlns=\"http:\/\/www.w3.org\/2000\/svg\" viewBox=\"0 0 1000 100\" preserveAspectRatio=\"none\">\n\t<path class=\"elementor-shape-fill\" d=\"M0,6V0h1000v100L0,6z\"\/>\n<\/svg>\t\t<\/div>\n\t\t\t\t\t<div class=\"elementor-container elementor-column-gap-default\">\n\t\t\t\t\t<div class=\"elementor-column elementor-col-100 elementor-top-column elementor-element elementor-element-125b7793\" data-id=\"125b7793\" data-element_type=\"column\">\n\t\t\t<div class=\"elementor-widget-wrap elementor-element-populated\">\n\t\t\t\t\t\t<div class=\"elementor-element elementor-element-3b39a01a elementor-widget__width-initial elementor-widget-tablet__width-inherit elementor-invisible elementor-widget elementor-widget-jkit_heading\" data-id=\"3b39a01a\" data-element_type=\"widget\" data-settings=\"{&quot;_animation&quot;:&quot;fadeInUp&quot;}\" data-widget_type=\"jkit_heading.default\">\n\t\t\t\t<div class=\"elementor-widget-container\">\n\t\t\t\t\t<div  class=\"jeg-elementor-kit jkit-heading  align- align-tablet- align-mobile- jeg_module___69e39447cbbcd\" ><div class=\"heading-section-title  display-inline-block\"><h1 class=\"heading-title\">P\u00d3LIZA DE VIDA<span class=\"style-color\"><span> GRUPO DEUDORES<\/span><\/span><\/h1><\/div><\/div>\t\t\t\t<\/div>\n\t\t\t\t<\/div>\n\t\t\t\t<div class=\"elementor-element elementor-element-5bd15117 elementor-widget__width-initial elementor-widget elementor-widget-text-editor\" data-id=\"5bd15117\" data-element_type=\"widget\" data-widget_type=\"text-editor.default\">\n\t\t\t\t<div class=\"elementor-widget-container\">\n\t\t\t\t\t\t\t\t\t<p class=\"MsoNormal\" style=\"mso-margin-top-alt: auto; mso-margin-bottom-alt: auto; text-align: justify; line-height: normal;\"><span style=\"font-size: 12.0pt; font-family: 'Arial',sans-serif; mso-fareast-font-family: 'Times New Roman'; mso-font-kerning: 0pt; mso-ligatures: none; mso-fareast-language: ES-CO;\">Conscientes de la importancia de proteger a las familias de nuestros asociados ante situaciones imprevistas y de respaldar sus obligaciones crediticias, la Cooperativa ha suscrito con Mapfre la P\u00f3liza de Vida Grupo Deudores.<\/span><\/p><p class=\"MsoNormal\" style=\"mso-margin-top-alt: auto; mso-margin-bottom-alt: auto; text-align: justify; line-height: normal;\"><span style=\"font-size: 12.0pt; font-family: 'Arial',sans-serif; mso-fareast-font-family: 'Times New Roman'; mso-font-kerning: 0pt; mso-ligatures: none; mso-fareast-language: ES-CO;\">Esta p\u00f3liza, adquirida con una tasa preferencial, cubre el Amparo B\u00e1sico de Vida y la Incapacidad Total y Permanente, ofreciendo protecci\u00f3n financiera tanto al asociado como a su n\u00facleo familiar. En caso de fallecimiento o invalidez permanente, la deuda queda saldada, evitando que la responsabilidad recaiga sobre sus seres queridos.<\/span><\/p><p class=\"MsoNormal\" style=\"mso-margin-top-alt: auto; mso-margin-bottom-alt: auto; text-align: justify; line-height: normal;\"><span style=\"font-size: 12.0pt; font-family: 'Arial',sans-serif; mso-fareast-font-family: 'Times New Roman'; mso-font-kerning: 0pt; mso-ligatures: none; mso-fareast-language: ES-CO;\">El valor asegurado corresponde al saldo de la obligaci\u00f3n reportado mensualmente por Coopnaldeporte a la aseguradora.<\/span><\/p><p class=\"MsoNormal\" style=\"mso-margin-top-alt: auto; mso-margin-bottom-alt: auto; text-align: justify; line-height: normal; mso-outline-level: 3;\"><span style=\"font-size: 12.0pt; font-family: 'Arial',sans-serif; mso-fareast-font-family: 'Times New Roman'; mso-font-kerning: 0pt; mso-ligatures: none; mso-fareast-language: ES-CO;\">Beneficios del Programa Vida Grupo Deudores<\/span><\/p><ul type=\"disc\"><li class=\"MsoNormal\" style=\"mso-margin-top-alt: auto; mso-margin-bottom-alt: auto; text-align: justify; line-height: normal; mso-list: l0 level1 lfo1; tab-stops: list 36.0pt;\"><span style=\"font-size: 12.0pt; font-family: 'Arial',sans-serif; mso-fareast-font-family: 'Times New Roman'; mso-font-kerning: 0pt; mso-ligatures: none; mso-fareast-language: ES-CO;\">Sin necesidad de declaraci\u00f3n de asegurabilidad.<\/span><\/li><li class=\"MsoNormal\" style=\"mso-margin-top-alt: auto; mso-margin-bottom-alt: auto; text-align: justify; line-height: normal; mso-list: l0 level1 lfo1; tab-stops: list 36.0pt;\"><span style=\"font-size: 12.0pt; font-family: 'Arial',sans-serif; mso-fareast-font-family: 'Times New Roman'; mso-font-kerning: 0pt; mso-ligatures: none; mso-fareast-language: ES-CO;\">Cobertura por fallecimiento por cualquier causa desde los 18 a\u00f1os hasta los 90 a\u00f1os y 364 d\u00edas.<\/span><\/li><li class=\"MsoNormal\" style=\"mso-margin-top-alt: auto; mso-margin-bottom-alt: auto; text-align: justify; line-height: normal; mso-list: l0 level1 lfo1; tab-stops: list 36.0pt;\"><span style=\"font-size: 12.0pt; font-family: 'Arial',sans-serif; mso-fareast-font-family: 'Times New Roman'; mso-font-kerning: 0pt; mso-ligatures: none; mso-fareast-language: ES-CO;\">Cobertura por incapacidad total y permanente hasta los 64 a\u00f1os y 364 d\u00edas.<\/span><\/li><li class=\"MsoNormal\" style=\"mso-margin-top-alt: auto; mso-margin-bottom-alt: auto; text-align: justify; line-height: normal; mso-list: l0 level1 lfo1; tab-stops: list 36.0pt;\"><span style=\"font-size: 12.0pt; font-family: 'Arial',sans-serif; mso-fareast-font-family: 'Times New Roman'; mso-font-kerning: 0pt; mso-ligatures: none; mso-fareast-language: ES-CO;\">Valores asegurados seg\u00fan la edad:<\/span><ul type=\"circle\"><li class=\"MsoNormal\" style=\"mso-margin-top-alt: auto; mso-margin-bottom-alt: auto; text-align: justify; line-height: normal; mso-list: l0 level2 lfo1; tab-stops: list 72.0pt;\"><span style=\"font-size: 12.0pt; font-family: 'Arial',sans-serif; mso-fareast-font-family: 'Times New Roman'; mso-font-kerning: 0pt; mso-ligatures: none; mso-fareast-language: ES-CO;\">De 18 a 70 a\u00f1os: hasta $142.350.000<\/span><\/li><li class=\"MsoNormal\" style=\"mso-margin-top-alt: auto; mso-margin-bottom-alt: auto; text-align: justify; line-height: normal; mso-list: l0 level2 lfo1; tab-stops: list 72.0pt;\"><span style=\"font-size: 12.0pt; font-family: 'Arial',sans-serif; mso-fareast-font-family: 'Times New Roman'; mso-font-kerning: 0pt; mso-ligatures: none; mso-fareast-language: ES-CO;\">De 71 a 80 a\u00f1os: hasta $28.470.000<\/span><\/li><li class=\"MsoNormal\" style=\"mso-margin-top-alt: auto; mso-margin-bottom-alt: auto; text-align: justify; line-height: normal; mso-list: l0 level2 lfo1; tab-stops: list 72.0pt;\"><span style=\"font-size: 12.0pt; font-family: 'Arial',sans-serif; mso-fareast-font-family: 'Times New Roman'; mso-font-kerning: 0pt; mso-ligatures: none; mso-fareast-language: ES-CO;\">De 81 a 90 a\u00f1os: hasta $14.235.000<\/span><\/li><\/ul><\/li><\/ul><p><span style=\"font-size: 12.0pt; line-height: 107%; font-family: 'Arial',sans-serif; mso-fareast-font-family: 'Times New Roman'; mso-font-kerning: 0pt; mso-ligatures: none; mso-ansi-language: ES-CO; mso-fareast-language: ES-CO; mso-bidi-language: AR-SA;\">En caso de siniestro, la compa\u00f1\u00eda aseguradora cancelar\u00e1 el 100% del saldo insoluto directamente a Coopnaldeporte.<\/span><\/p>\t\t\t\t\t\t\t\t<\/div>\n\t\t\t\t<\/div>\n\t\t\t\t\t<\/div>\n\t\t<\/div>\n\t\t\t\t\t<\/div>\n\t\t<\/section>\n\t\t\t\t<\/div>\n\t\t","protected":false},"excerpt":{"rendered":"<p>Beneficios Y Servicios CONVENIOS P\u00d3LIZA DE VIDA GRUPO DEUDORES Conscientes de la importancia de proteger a las familias de nuestros [&hellip;]<\/p>\n","protected":false},"author":1,"featured_media":0,"parent":0,"menu_order":0,"comment_status":"closed","ping_status":"closed","template":"elementor_header_footer","meta":{"site-sidebar-layout":"no-sidebar","site-content-layout":"","ast-site-content-layout":"full-width-container","site-content-style":"default","site-sidebar-style":"default","ast-global-header-display":"","ast-banner-title-visibility":"","ast-main-header-display":"","ast-hfb-above-header-display":"","ast-hfb-below-header-display":"","ast-hfb-mobile-header-display":"","site-post-title":"disabled","ast-breadcrumbs-content":"","ast-featured-img":"disabled","footer-sml-layout":"","theme-transparent-header-meta":"default","adv-header-id-meta":"","stick-header-meta":"","header-above-stick-meta":"","header-main-stick-meta":"","header-below-stick-meta":"","astra-migrate-meta-layouts":"set","ast-page-background-enabled":"default","ast-page-background-meta":{"desktop":{"background-color":"var(--ast-global-color-5)","background-image":"","background-repeat":"repeat","background-position":"center center","background-size":"auto","background-attachment":"scroll","background-type":"","background-media":"","overlay-type":"","overlay-color":"","overlay-opacity":"","overlay-gradient":""},"tablet":{"background-color":"","background-image":"","background-repeat":"repeat","background-position":"center center","background-size":"auto","background-attachment":"scroll","background-type":"","background-media":"","overlay-type":"","overlay-color":"","overlay-opacity":"","overlay-gradient":""},"mobile":{"background-color":"","background-image":"","background-repeat":"repeat","background-position":"center center","background-size":"auto","background-attachment":"scroll","background-type":"","background-media":"","overlay-type":"","overlay-color":"","overlay-opacity":"","overlay-gradient":""}},"ast-content-background-meta":{"desktop":{"background-color":"var(--ast-global-color-4)","background-image":"","background-repeat":"repeat","background-position":"center center","background-size":"auto","background-attachment":"scroll","background-type":"","background-media":"","overlay-type":"","overlay-color":"","overlay-opacity":"","overlay-gradient":""},"tablet":{"background-color":"var(--ast-global-color-4)","background-image":"","background-repeat":"repeat","background-position":"center center","background-size":"auto","background-attachment":"scroll","background-type":"","background-media":"","overlay-type":"","overlay-color":"","overlay-opacity":"","overlay-gradient":""},"mobile":{"background-color":"var(--ast-global-color-4)","background-image":"","background-repeat":"repeat","background-position":"center center","background-size":"auto","background-attachment":"scroll","background-type":"","background-media":"","overlay-type":"","overlay-color":"","overlay-opacity":"","overlay-gradient":""}},"_joinchat":[],"footnotes":""},"class_list":["post-539","page","type-page","status-publish","hentry"],"yoast_head":"<!-- This site is optimized with the Yoast SEO plugin v25.4 - https:\/\/yoast.com\/wordpress\/plugins\/seo\/ -->\n<title>Beneficios y servicios - coopnaldeporte.com<\/title>\n<meta name=\"robots\" content=\"index, follow, max-snippet:-1, max-image-preview:large, max-video-preview:-1\" \/>\n<link rel=\"canonical\" href=\"https:\/\/coopnaldeporte.com\/?page_id=539\" \/>\n<meta property=\"og:locale\" content=\"es_ES\" \/>\n<meta property=\"og:type\" content=\"article\" \/>\n<meta property=\"og:title\" content=\"Beneficios y servicios - coopnaldeporte.com\" \/>\n<meta property=\"og:description\" content=\"Beneficios Y Servicios CONVENIOS P\u00d3LIZA DE VIDA GRUPO DEUDORES Conscientes de la importancia de proteger a las familias de nuestros [&hellip;]\" \/>\n<meta property=\"og:url\" content=\"https:\/\/coopnaldeporte.com\/?page_id=539\" \/>\n<meta property=\"og:site_name\" content=\"coopnaldeporte.com\" \/>\n<meta property=\"article:modified_time\" content=\"2025-07-21T19:37:45+00:00\" \/>\n<meta property=\"og:image\" content=\"https:\/\/coopnaldeporte.com\/wp-content\/uploads\/2025\/07\/53f87a37-47f2-4c84-b25d-ab57822f6627-768x768.jpeg\" \/>\n<meta name=\"twitter:card\" content=\"summary_large_image\" \/>\n<meta name=\"twitter:label1\" content=\"Tiempo de lectura\" \/>\n\t<meta name=\"twitter:data1\" content=\"4 minutos\" \/>\n<script type=\"application\/ld+json\" class=\"yoast-schema-graph\">{\"@context\":\"https:\/\/schema.org\",\"@graph\":[{\"@type\":\"WebPage\",\"@id\":\"https:\/\/coopnaldeporte.com\/?page_id=539\",\"url\":\"https:\/\/coopnaldeporte.com\/?page_id=539\",\"name\":\"Beneficios y servicios - coopnaldeporte.com\",\"isPartOf\":{\"@id\":\"https:\/\/coopnaldeporte.com\/#website\"},\"primaryImageOfPage\":{\"@id\":\"https:\/\/coopnaldeporte.com\/?page_id=539#primaryimage\"},\"image\":{\"@id\":\"https:\/\/coopnaldeporte.com\/?page_id=539#primaryimage\"},\"thumbnailUrl\":\"https:\/\/coopnaldeporte.com\/wp-content\/uploads\/2025\/07\/53f87a37-47f2-4c84-b25d-ab57822f6627-768x768.jpeg\",\"datePublished\":\"2025-07-08T15:49:34+00:00\",\"dateModified\":\"2025-07-21T19:37:45+00:00\",\"breadcrumb\":{\"@id\":\"https:\/\/coopnaldeporte.com\/?page_id=539#breadcrumb\"},\"inLanguage\":\"es\",\"potentialAction\":[{\"@type\":\"ReadAction\",\"target\":[\"https:\/\/coopnaldeporte.com\/?page_id=539\"]}]},{\"@type\":\"ImageObject\",\"inLanguage\":\"es\",\"@id\":\"https:\/\/coopnaldeporte.com\/?page_id=539#primaryimage\",\"url\":\"https:\/\/coopnaldeporte.com\/wp-content\/uploads\/2025\/07\/53f87a37-47f2-4c84-b25d-ab57822f6627-768x768.jpeg\",\"contentUrl\":\"https:\/\/coopnaldeporte.com\/wp-content\/uploads\/2025\/07\/53f87a37-47f2-4c84-b25d-ab57822f6627-768x768.jpeg\"},{\"@type\":\"BreadcrumbList\",\"@id\":\"https:\/\/coopnaldeporte.com\/?page_id=539#breadcrumb\",\"itemListElement\":[{\"@type\":\"ListItem\",\"position\":1,\"name\":\"Portada\",\"item\":\"https:\/\/coopnaldeporte.com\/\"},{\"@type\":\"ListItem\",\"position\":2,\"name\":\"Beneficios y servicios\"}]},{\"@type\":\"WebSite\",\"@id\":\"https:\/\/coopnaldeporte.com\/#website\",\"url\":\"https:\/\/coopnaldeporte.com\/\",\"name\":\"coopnaldeporte.com\",\"description\":\"\",\"potentialAction\":[{\"@type\":\"SearchAction\",\"target\":{\"@type\":\"EntryPoint\",\"urlTemplate\":\"https:\/\/coopnaldeporte.com\/?s={search_term_string}\"},\"query-input\":{\"@type\":\"PropertyValueSpecification\",\"valueRequired\":true,\"valueName\":\"search_term_string\"}}],\"inLanguage\":\"es\"}]}<\/script>\n<!-- \/ Yoast SEO plugin. -->","yoast_head_json":{"title":"Beneficios y servicios - coopnaldeporte.com","robots":{"index":"index","follow":"follow","max-snippet":"max-snippet:-1","max-image-preview":"max-image-preview:large","max-video-preview":"max-video-preview:-1"},"canonical":"https:\/\/coopnaldeporte.com\/?page_id=539","og_locale":"es_ES","og_type":"article","og_title":"Beneficios y servicios - coopnaldeporte.com","og_description":"Beneficios Y Servicios CONVENIOS P\u00d3LIZA DE VIDA GRUPO DEUDORES Conscientes de la importancia de proteger a las familias de nuestros [&hellip;]","og_url":"https:\/\/coopnaldeporte.com\/?page_id=539","og_site_name":"coopnaldeporte.com","article_modified_time":"2025-07-21T19:37:45+00:00","og_image":[{"url":"https:\/\/coopnaldeporte.com\/wp-content\/uploads\/2025\/07\/53f87a37-47f2-4c84-b25d-ab57822f6627-768x768.jpeg","type":"","width":"","height":""}],"twitter_card":"summary_large_image","twitter_misc":{"Tiempo de lectura":"4 minutos"},"schema":{"@context":"https:\/\/schema.org","@graph":[{"@type":"WebPage","@id":"https:\/\/coopnaldeporte.com\/?page_id=539","url":"https:\/\/coopnaldeporte.com\/?page_id=539","name":"Beneficios y servicios - coopnaldeporte.com","isPartOf":{"@id":"https:\/\/coopnaldeporte.com\/#website"},"primaryImageOfPage":{"@id":"https:\/\/coopnaldeporte.com\/?page_id=539#primaryimage"},"image":{"@id":"https:\/\/coopnaldeporte.com\/?page_id=539#primaryimage"},"thumbnailUrl":"https:\/\/coopnaldeporte.com\/wp-content\/uploads\/2025\/07\/53f87a37-47f2-4c84-b25d-ab57822f6627-768x768.jpeg","datePublished":"2025-07-08T15:49:34+00:00","dateModified":"2025-07-21T19:37:45+00:00","breadcrumb":{"@id":"https:\/\/coopnaldeporte.com\/?page_id=539#breadcrumb"},"inLanguage":"es","potentialAction":[{"@type":"ReadAction","target":["https:\/\/coopnaldeporte.com\/?page_id=539"]}]},{"@type":"ImageObject","inLanguage":"es","@id":"https:\/\/coopnaldeporte.com\/?page_id=539#primaryimage","url":"https:\/\/coopnaldeporte.com\/wp-content\/uploads\/2025\/07\/53f87a37-47f2-4c84-b25d-ab57822f6627-768x768.jpeg","contentUrl":"https:\/\/coopnaldeporte.com\/wp-content\/uploads\/2025\/07\/53f87a37-47f2-4c84-b25d-ab57822f6627-768x768.jpeg"},{"@type":"BreadcrumbList","@id":"https:\/\/coopnaldeporte.com\/?page_id=539#breadcrumb","itemListElement":[{"@type":"ListItem","position":1,"name":"Portada","item":"https:\/\/coopnaldeporte.com\/"},{"@type":"ListItem","position":2,"name":"Beneficios y servicios"}]},{"@type":"WebSite","@id":"https:\/\/coopnaldeporte.com\/#website","url":"https:\/\/coopnaldeporte.com\/","name":"coopnaldeporte.com","description":"","potentialAction":[{"@type":"SearchAction","target":{"@type":"EntryPoint","urlTemplate":"https:\/\/coopnaldeporte.com\/?s={search_term_string}"},"query-input":{"@type":"PropertyValueSpecification","valueRequired":true,"valueName":"search_term_string"}}],"inLanguage":"es"}]}},"_links":{"self":[{"href":"https:\/\/coopnaldeporte.com\/index.php?rest_route=\/wp\/v2\/pages\/539","targetHints":{"allow":["GET"]}}],"collection":[{"href":"https:\/\/coopnaldeporte.com\/index.php?rest_route=\/wp\/v2\/pages"}],"about":[{"href":"https:\/\/coopnaldeporte.com\/index.php?rest_route=\/wp\/v2\/types\/page"}],"author":[{"embeddable":true,"href":"https:\/\/coopnaldeporte.com\/index.php?rest_route=\/wp\/v2\/users\/1"}],"replies":[{"embeddable":true,"href":"https:\/\/coopnaldeporte.com\/index.php?rest_route=%2Fwp%2Fv2%2Fcomments&post=539"}],"version-history":[{"count":13,"href":"https:\/\/coopnaldeporte.com\/index.php?rest_route=\/wp\/v2\/pages\/539\/revisions"}],"predecessor-version":[{"id":916,"href":"https:\/\/coopnaldeporte.com\/index.php?rest_route=\/wp\/v2\/pages\/539\/revisions\/916"}],"wp:attachment":[{"href":"https:\/\/coopnaldeporte.com\/index.php?rest_route=%2Fwp%2Fv2%2Fmedia&parent=539"}],"curies":[{"name":"wp","href":"https:\/\/api.w.org\/{rel}","templated":true}]}}